{"id":29242,"date":"2025-02-11T10:30:41","date_gmt":"2025-02-11T10:30:41","guid":{"rendered":"https:\/\/nekudos.com\/?page_id=29242"},"modified":"2025-02-11T10:34:26","modified_gmt":"2025-02-11T10:34:26","slug":"sap-ana-veri-is-akis-yonetimi","status":"publish","type":"page","link":"https:\/\/nekudos.com\/en\/sap-ana-veri-is-akis-yonetimi\/","title":{"rendered":"SAP Master Data Workflow Management"},"content":{"rendered":"<div data-elementor-type=\"wp-page\" data-elementor-id=\"29242\" class=\"elementor elementor-29242\" data-elementor-post-type=\"page\">\n\t\t\t\t<div class=\"elementor-element elementor-element-515efeb e-flex e-con-boxed e-con e-parent\" data-id=\"515efeb\" data-element_type=\"container\" data-e-type=\"container\">\n\t\t\t\t\t<div class=\"e-con-inner\">\n\t\t\t\t<div class=\"elementor-element elementor-element-de97f5a elementor-widget elementor-widget-the7_elements\" data-id=\"de97f5a\" data-element_type=\"widget\" data-e-type=\"widget\" data-widget_type=\"the7_elements.default\">\n\t\t\t\t<div class=\"elementor-widget-container\">\n\t\t\t\t\t<div class=\"portfolio-shortcode the7-elementor-widget the7_elements-de97f5a mode-masonry classic-layout-list description-under-image quick-scale-img content-bg-on enable-bg-rollover resize-by-browser-width loading-effect-none jquery-filter\" data-padding=\"15px\" data-mobile-columns-num=\"\" data-tablet-columns-num=\"\" data-desktop-columns-num=\"3\" data-wide-desktop-columns-num=\"3\" data-post-limit=\"-1\" data-pagination-mode=\"none\" data-scroll-offset=\"\" aria-live=\"assertive\"><div class=\"iso-container dt-isotope custom-iso-columns\"><div class=\"visible wf-cell iso-item\" data-post-id=\"29097\" data-date=\"2023-08-07T15:47:39+00:00\" data-name=\"NekuFlow SAP Masraf Yeri Ana Veri Y\u00f6netimi\"><article class=\"post visible no-img post-29097 dt_portfolio type-dt_portfolio status-publish hentry dt_portfolio_category-nekuflow-sap-ana-veri-yonetimi dt_portfolio_category-nekuflow-sap-finansal-ana-veri-yonetimi\" data-name=\"NekuFlow SAP Masraf Yeri Ana Veri Y\u00f6netimi\" data-date=\"2023-08-07T15:47:39+00:00\">\n\n<div class=\"post-entry-content\">\n\n\t<h3 class=\"ele-entry-title\"><a href=\"https:\/\/nekudos.com\/en\/projects\/nekuflow-sap-masraf-yeri-ana-veri-yonetimi\/\" rel=\"bookmark\" title=\"NekuFlow SAP Cost Center Master Data Management\">NekuFlow SAP Cost Center Master Data Management<\/a><\/h3><div class=\"entry-meta\"><span class=\"meta-item category-link\"><a href=\"https:\/\/nekudos.com\/en\/project-category\/nekuflow-sap-ana-veri-yonetimi\/\" rel=\"tag\">NekuFlow SAP Master Data Management<\/a>, <a href=\"https:\/\/nekudos.com\/en\/project-category\/nekuflow-sap-finansal-ana-veri-yonetimi\/\" rel=\"tag\">NekuFlow SAP Financial Master Data Management<\/a><\/span><\/div><a href=\"https:\/\/nekudos.com\/en\/projects\/nekuflow-sap-masraf-yeri-ana-veri-yonetimi\/\" target=\"\" aria-label=\"Read more about NekuFlow SAP Masraf Yeri Ana Veri Y\u00f6netimi\" class=\"box-button elementor-button elementor-size-xs\">More<\/a>\n<\/div><\/article><\/div><div class=\"visible wf-cell iso-item\" data-post-id=\"29084\" data-date=\"2023-08-07T15:40:33+00:00\" data-name=\"NekuFlow SAP Kar Merkezi Ana Veri Y\u00f6netimi\"><article class=\"post visible no-img post-29084 dt_portfolio type-dt_portfolio status-publish hentry dt_portfolio_category-nekuflow-sap-ana-veri-yonetimi dt_portfolio_category-nekuflow-sap-finansal-ana-veri-yonetimi\" data-name=\"NekuFlow SAP Kar Merkezi Ana Veri Y\u00f6netimi\" data-date=\"2023-08-07T15:40:33+00:00\">\n\n<div class=\"post-entry-content\">\n\n\t<h3 class=\"ele-entry-title\"><a href=\"https:\/\/nekudos.com\/en\/projects\/nekuflow-sap-kar-merkezi-ana-veri-yonetimi\/\" rel=\"bookmark\" title=\"NekuFlow SAP Profit Center Master Data Management\">NekuFlow SAP Profit Center Master Data Management<\/a><\/h3><div class=\"entry-meta\"><span class=\"meta-item category-link\"><a href=\"https:\/\/nekudos.com\/en\/project-category\/nekuflow-sap-ana-veri-yonetimi\/\" rel=\"tag\">NekuFlow SAP Master Data Management<\/a>, <a href=\"https:\/\/nekudos.com\/en\/project-category\/nekuflow-sap-finansal-ana-veri-yonetimi\/\" rel=\"tag\">NekuFlow SAP Financial Master Data Management<\/a><\/span><\/div><a href=\"https:\/\/nekudos.com\/en\/projects\/nekuflow-sap-kar-merkezi-ana-veri-yonetimi\/\" target=\"\" aria-label=\"Read more about NekuFlow SAP Kar Merkezi Ana Veri Y\u00f6netimi\" class=\"box-button elementor-button elementor-size-xs\">More<\/a>\n<\/div><\/article><\/div><div class=\"visible wf-cell iso-item\" data-post-id=\"29068\" data-date=\"2023-08-07T15:32:13+00:00\" data-name=\"NekuFlow SAP Duran Varl\u0131k Ana Veri Y\u00f6netimi\"><article class=\"post visible no-img post-29068 dt_portfolio type-dt_portfolio status-publish hentry dt_portfolio_category-nekuflow-sap-ana-veri-yonetimi dt_portfolio_category-nekuflow-sap-finansal-ana-veri-yonetimi\" data-name=\"NekuFlow SAP Duran Varl\u0131k Ana Veri Y\u00f6netimi\" data-date=\"2023-08-07T15:32:13+00:00\">\n\n<div class=\"post-entry-content\">\n\n\t<h3 class=\"ele-entry-title\"><a href=\"https:\/\/nekudos.com\/en\/projects\/nekuflow-sap-duran-varlik-ana-veri-yonetimi\/\" rel=\"bookmark\" title=\"NekuFlow SAP Fixed Asset Master Data Management\">NekuFlow SAP Fixed Asset Master Data Management<\/a><\/h3><div class=\"entry-meta\"><span class=\"meta-item category-link\"><a href=\"https:\/\/nekudos.com\/en\/project-category\/nekuflow-sap-ana-veri-yonetimi\/\" rel=\"tag\">NekuFlow SAP Master Data Management<\/a>, <a href=\"https:\/\/nekudos.com\/en\/project-category\/nekuflow-sap-finansal-ana-veri-yonetimi\/\" rel=\"tag\">NekuFlow SAP Financial Master Data Management<\/a><\/span><\/div><a href=\"https:\/\/nekudos.com\/en\/projects\/nekuflow-sap-duran-varlik-ana-veri-yonetimi\/\" target=\"\" aria-label=\"Read more about NekuFlow SAP Duran Varl\u0131k Ana Veri Y\u00f6netimi\" class=\"box-button elementor-button elementor-size-xs\">More<\/a>\n<\/div><\/article><\/div><div class=\"visible wf-cell iso-item\" data-post-id=\"29046\" data-date=\"2023-08-07T15:18:41+00:00\" data-name=\"NekuFlow SAP Banka Anahtar\u0131 Ana Veri Y\u00f6netimi\"><article class=\"post visible no-img post-29046 dt_portfolio type-dt_portfolio status-publish hentry dt_portfolio_category-nekuflow-sap-ana-veri-yonetimi dt_portfolio_category-nekuflow-sap-finansal-ana-veri-yonetimi\" data-name=\"NekuFlow SAP Banka Anahtar\u0131 Ana Veri Y\u00f6netimi\" data-date=\"2023-08-07T15:18:41+00:00\">\n\n<div class=\"post-entry-content\">\n\n\t<h3 class=\"ele-entry-title\"><a href=\"https:\/\/nekudos.com\/en\/projects\/nekuflow-sap-banka-anahtari-ana-veri-yonetimi\/\" rel=\"bookmark\" title=\"NekuFlow SAP Bank Key Master Data Management\">NekuFlow SAP Bank Key Master Data Management<\/a><\/h3><div class=\"entry-meta\"><span class=\"meta-item category-link\"><a href=\"https:\/\/nekudos.com\/en\/project-category\/nekuflow-sap-ana-veri-yonetimi\/\" rel=\"tag\">NekuFlow SAP Master Data Management<\/a>, <a href=\"https:\/\/nekudos.com\/en\/project-category\/nekuflow-sap-finansal-ana-veri-yonetimi\/\" rel=\"tag\">NekuFlow SAP Financial Master Data Management<\/a><\/span><\/div><a href=\"https:\/\/nekudos.com\/en\/projects\/nekuflow-sap-banka-anahtari-ana-veri-yonetimi\/\" target=\"\" aria-label=\"Read more about NekuFlow SAP Banka Anahtar\u0131 Ana Veri Y\u00f6netimi\" class=\"box-button elementor-button elementor-size-xs\">More<\/a>\n<\/div><\/article><\/div><div class=\"visible wf-cell iso-item\" data-post-id=\"29025\" data-date=\"2023-08-07T14:43:41+00:00\" data-name=\"NekuFlow SAP Ana Hesap Ana Veri Y\u00f6netimi\"><article class=\"post visible no-img post-29025 dt_portfolio type-dt_portfolio status-publish hentry dt_portfolio_category-nekuflow-sap-ana-veri-yonetimi dt_portfolio_category-nekuflow-sap-finansal-ana-veri-yonetimi\" data-name=\"NekuFlow SAP Ana Hesap Ana Veri Y\u00f6netimi\" data-date=\"2023-08-07T14:43:41+00:00\">\n\n<div class=\"post-entry-content\">\n\n\t<h3 class=\"ele-entry-title\"><a href=\"https:\/\/nekudos.com\/en\/projects\/nekuflow-sap-ana-hesap-ana-veri-yonetimi\/\" rel=\"bookmark\" title=\"NekuFlow SAP G\/L Account Master Data Management\">NekuFlow SAP G\/L Account Master Data Management<\/a><\/h3><div class=\"entry-meta\"><span class=\"meta-item category-link\"><a href=\"https:\/\/nekudos.com\/en\/project-category\/nekuflow-sap-ana-veri-yonetimi\/\" rel=\"tag\">NekuFlow SAP Master Data Management<\/a>, <a href=\"https:\/\/nekudos.com\/en\/project-category\/nekuflow-sap-finansal-ana-veri-yonetimi\/\" rel=\"tag\">NekuFlow SAP Financial Master Data Management<\/a><\/span><\/div><a href=\"https:\/\/nekudos.com\/en\/projects\/nekuflow-sap-ana-hesap-ana-veri-yonetimi\/\" target=\"\" aria-label=\"Read more about NekuFlow SAP Ana Hesap Ana Veri Y\u00f6netimi\" class=\"box-button elementor-button elementor-size-xs\">More<\/a>\n<\/div><\/article><\/div><div class=\"visible wf-cell iso-item\" data-post-id=\"2240\" data-date=\"2021-04-15T12:02:00+00:00\" data-name=\"NekuFlow SAP Malzeme Ana Veri Y\u00f6netimi\"><article class=\"post visible no-img post-2240 dt_portfolio type-dt_portfolio status-publish hentry dt_portfolio_category-nekuflow-sap-ana-veri-yonetimi dt_portfolio_category-nekuflow-sap-lojistik-ana-veri-yonetimi\" data-name=\"NekuFlow SAP Malzeme Ana Veri Y\u00f6netimi\" data-date=\"2021-04-15T12:02:00+00:00\">\n\n<div class=\"post-entry-content\">\n\n\t<h3 class=\"ele-entry-title\"><a href=\"https:\/\/nekudos.com\/en\/projects\/nekuflow-sap-malzeme-ana-veri-yonetimi\/\" rel=\"bookmark\" title=\"NekuFlow SAP Material Master Data Management\">NekuFlow SAP Material Master Data Management<\/a><\/h3><div class=\"entry-meta\"><span class=\"meta-item category-link\"><a href=\"https:\/\/nekudos.com\/en\/project-category\/nekuflow-sap-ana-veri-yonetimi\/\" rel=\"tag\">NekuFlow SAP Master Data Management<\/a>, <a href=\"https:\/\/nekudos.com\/en\/project-category\/nekuflow-sap-lojistik-ana-veri-yonetimi\/\" rel=\"tag\">NekuFlow SAP Logistics Master Data Management<\/a><\/span><\/div><a href=\"https:\/\/nekudos.com\/en\/projects\/nekuflow-sap-malzeme-ana-veri-yonetimi\/\" target=\"\" aria-label=\"Read more about NekuFlow SAP Malzeme Ana Veri Y\u00f6netimi\" class=\"box-button elementor-button elementor-size-xs\">More<\/a>\n<\/div><\/article><\/div><div class=\"visible wf-cell iso-item\" data-post-id=\"27957\" data-date=\"2021-04-07T13:07:29+00:00\" data-name=\"NekuFlow SAP Sat\u0131c\u0131 Ana Veri Y\u00f6netimi\"><article class=\"post visible no-img post-27957 dt_portfolio type-dt_portfolio status-publish hentry dt_portfolio_category-nekuflow-sap-ana-veri-yonetimi dt_portfolio_category-nekuflow-sap-lojistik-ana-veri-yonetimi\" data-name=\"NekuFlow SAP Sat\u0131c\u0131 Ana Veri Y\u00f6netimi\" data-date=\"2021-04-07T13:07:29+00:00\">\n\n<div class=\"post-entry-content\">\n\n\t<h3 class=\"ele-entry-title\"><a href=\"https:\/\/nekudos.com\/en\/projects\/nekuflow-sap-satici-ana-veri-yonetimi\/\" rel=\"bookmark\" title=\"NekuFlow SAP Vendor Master Data Management\">NekuFlow SAP Vendor Master Data Management<\/a><\/h3><div class=\"entry-meta\"><span class=\"meta-item category-link\"><a href=\"https:\/\/nekudos.com\/en\/project-category\/nekuflow-sap-ana-veri-yonetimi\/\" rel=\"tag\">NekuFlow SAP Master Data Management<\/a>, <a href=\"https:\/\/nekudos.com\/en\/project-category\/nekuflow-sap-lojistik-ana-veri-yonetimi\/\" rel=\"tag\">NekuFlow SAP Logistics Master Data Management<\/a><\/span><\/div><a href=\"https:\/\/nekudos.com\/en\/projects\/nekuflow-sap-satici-ana-veri-yonetimi\/\" target=\"\" aria-label=\"Read more about NekuFlow SAP Sat\u0131c\u0131 Ana Veri Y\u00f6netimi\" class=\"box-button elementor-button elementor-size-xs\">More<\/a>\n<\/div><\/article><\/div><div class=\"visible wf-cell iso-item\" data-post-id=\"27945\" data-date=\"2021-04-07T13:02:55+00:00\" data-name=\"NekuFlow SAP Muhatap Ana Veri Y\u00f6netimi\"><article class=\"post visible no-img post-27945 dt_portfolio type-dt_portfolio status-publish hentry dt_portfolio_category-nekuflow-sap-ana-veri-yonetimi dt_portfolio_category-nekuflow-sap-lojistik-ana-veri-yonetimi\" data-name=\"NekuFlow SAP Muhatap Ana Veri Y\u00f6netimi\" data-date=\"2021-04-07T13:02:55+00:00\">\n\n<div class=\"post-entry-content\">\n\n\t<h3 class=\"ele-entry-title\"><a href=\"https:\/\/nekudos.com\/en\/projects\/nekuflow-sap-muhatap-ana-veri-yonetimi\/\" rel=\"bookmark\" title=\"NekuFlow SAP Business Partner Master Data Management\">NekuFlow SAP Business Partner Master Data Management<\/a><\/h3><div class=\"entry-meta\"><span class=\"meta-item category-link\"><a href=\"https:\/\/nekudos.com\/en\/project-category\/nekuflow-sap-ana-veri-yonetimi\/\" rel=\"tag\">NekuFlow SAP Master Data Management<\/a>, <a href=\"https:\/\/nekudos.com\/en\/project-category\/nekuflow-sap-lojistik-ana-veri-yonetimi\/\" rel=\"tag\">NekuFlow SAP Logistics Master Data Management<\/a><\/span><\/div><a href=\"https:\/\/nekudos.com\/en\/projects\/nekuflow-sap-muhatap-ana-veri-yonetimi\/\" target=\"\" aria-label=\"Read more about NekuFlow SAP Muhatap Ana Veri Y\u00f6netimi\" class=\"box-button elementor-button elementor-size-xs\">More<\/a>\n<\/div><\/article><\/div><div class=\"visible wf-cell iso-item\" data-post-id=\"27942\" data-date=\"2021-04-07T13:00:47+00:00\" data-name=\"NekuFlow SAP M\u00fc\u015fteri Ana Veri Y\u00f6netimi\"><article class=\"post visible no-img post-27942 dt_portfolio type-dt_portfolio status-publish hentry dt_portfolio_category-nekuflow-sap-ana-veri-yonetimi dt_portfolio_category-nekuflow-sap-lojistik-ana-veri-yonetimi\" data-name=\"NekuFlow SAP M\u00fc\u015fteri Ana Veri Y\u00f6netimi\" data-date=\"2021-04-07T13:00:47+00:00\">\n\n<div class=\"post-entry-content\">\n\n\t<h3 class=\"ele-entry-title\"><a href=\"https:\/\/nekudos.com\/en\/projects\/nekuflow-sap-musteri-ana-veri-yonetimi\/\" rel=\"bookmark\" title=\"NekuFlow SAP Customer Master Data Management\">NekuFlow SAP Customer Master Data Management<\/a><\/h3><div class=\"entry-meta\"><span class=\"meta-item category-link\"><a href=\"https:\/\/nekudos.com\/en\/project-category\/nekuflow-sap-ana-veri-yonetimi\/\" rel=\"tag\">NekuFlow SAP Master Data Management<\/a>, <a href=\"https:\/\/nekudos.com\/en\/project-category\/nekuflow-sap-lojistik-ana-veri-yonetimi\/\" rel=\"tag\">NekuFlow SAP Logistics Master Data Management<\/a><\/span><\/div><a href=\"https:\/\/nekudos.com\/en\/projects\/nekuflow-sap-musteri-ana-veri-yonetimi\/\" target=\"\" aria-label=\"Read more about NekuFlow SAP M\u00fc\u015fteri Ana Veri Y\u00f6netimi\" class=\"box-button elementor-button elementor-size-xs\">More<\/a>\n<\/div><\/article><\/div><div class=\"visible wf-cell iso-item\" data-post-id=\"27932\" data-date=\"2021-04-07T12:54:10+00:00\" data-name=\"NekuFlow SAP \u0130\u015f Plan\u0131 Ana Veri Y\u00f6netimi\"><article class=\"post visible no-img post-27932 dt_portfolio type-dt_portfolio status-publish hentry dt_portfolio_category-nekuflow-sap-ana-veri-yonetimi dt_portfolio_category-nekuflow-sap-lojistik-ana-veri-yonetimi\" data-name=\"NekuFlow SAP \u0130\u015f Plan\u0131 Ana Veri Y\u00f6netimi\" data-date=\"2021-04-07T12:54:10+00:00\">\n\n<div class=\"post-entry-content\">\n\n\t<h3 class=\"ele-entry-title\"><a href=\"https:\/\/nekudos.com\/en\/projects\/nekuflow-sap-is-plani-ana-veri-yonetimi\/\" rel=\"bookmark\" title=\"NekuFlow SAP Routing Process Master Data Management\">NekuFlow SAP Routing Process Master Data Management<\/a><\/h3><div class=\"entry-meta\"><span class=\"meta-item category-link\"><a href=\"https:\/\/nekudos.com\/en\/project-category\/nekuflow-sap-ana-veri-yonetimi\/\" rel=\"tag\">NekuFlow SAP Master Data Management<\/a>, <a href=\"https:\/\/nekudos.com\/en\/project-category\/nekuflow-sap-lojistik-ana-veri-yonetimi\/\" rel=\"tag\">NekuFlow SAP Logistics Master Data Management<\/a><\/span><\/div><a href=\"https:\/\/nekudos.com\/en\/projects\/nekuflow-sap-is-plani-ana-veri-yonetimi\/\" target=\"\" aria-label=\"Read more about NekuFlow SAP \u0130\u015f Plan\u0131 Ana Veri Y\u00f6netimi\" class=\"box-button elementor-button elementor-size-xs\">More<\/a>\n<\/div><\/article><\/div><div class=\"visible wf-cell iso-item\" data-post-id=\"27929\" data-date=\"2021-04-07T12:52:15+00:00\" data-name=\"NekuFlow SAP \u00dcr\u00fcn A\u011fac\u0131 Ana Veri Y\u00f6netimi\"><article class=\"post visible no-img post-27929 dt_portfolio type-dt_portfolio status-publish hentry dt_portfolio_category-nekuflow-sap-ana-veri-yonetimi dt_portfolio_category-nekuflow-sap-lojistik-ana-veri-yonetimi\" data-name=\"NekuFlow SAP \u00dcr\u00fcn A\u011fac\u0131 Ana Veri Y\u00f6netimi\" data-date=\"2021-04-07T12:52:15+00:00\">\n\n<div class=\"post-entry-content\">\n\n\t<h3 class=\"ele-entry-title\"><a href=\"https:\/\/nekudos.com\/en\/projects\/nekuflow-sap-urun-agaci-ana-veri-yonetimi\/\" rel=\"bookmark\" title=\"NekuFlow SAP Bill of Material Master Data Management\">NekuFlow SAP Bill of Material Master Data Management<\/a><\/h3><div class=\"entry-meta\"><span class=\"meta-item category-link\"><a href=\"https:\/\/nekudos.com\/en\/project-category\/nekuflow-sap-ana-veri-yonetimi\/\" rel=\"tag\">NekuFlow SAP Master Data Management<\/a>, <a href=\"https:\/\/nekudos.com\/en\/project-category\/nekuflow-sap-lojistik-ana-veri-yonetimi\/\" rel=\"tag\">NekuFlow SAP Logistics Master Data Management<\/a><\/span><\/div><a href=\"https:\/\/nekudos.com\/en\/projects\/nekuflow-sap-urun-agaci-ana-veri-yonetimi\/\" target=\"\" aria-label=\"Read more about NekuFlow SAP \u00dcr\u00fcn A\u011fac\u0131 Ana Veri Y\u00f6netimi\" class=\"box-button elementor-button elementor-size-xs\">More<\/a>\n<\/div><\/article><\/div><\/div><!-- iso-container|iso-grid --><\/div>\t\t\t\t<\/div>\n\t\t\t\t<\/div>\n\t\t\t\t\t<\/div>\n\t\t\t\t<\/div>\n\t\t\t\t<\/div>","protected":false},"excerpt":{"rendered":"<p>NekuFlow SAP Masraf Yeri Ana Veri Y\u00f6netimi NekuFlow SAP Ana Veri Y\u00f6netimi, NekuFlow SAP Finansal Ana Veri Y\u00f6netimiDaha fazla NekuFlow SAP Kar Merkezi Ana Veri Y\u00f6netimi NekuFlow SAP Ana Veri Y\u00f6netimi, NekuFlow SAP Finansal Ana Veri Y\u00f6netimiDaha fazla NekuFlow SAP Duran Varl\u0131k Ana Veri Y\u00f6netimi NekuFlow SAP Ana Veri Y\u00f6netimi, NekuFlow SAP Finansal Ana Veri&hellip;<\/p>","protected":false},"author":1,"featured_media":0,"parent":0,"menu_order":0,"comment_status":"closed","ping_status":"closed","template":"","meta":{"_sitemap_exclude":false,"_sitemap_priority":"","_sitemap_frequency":"","footnotes":""},"class_list":["post-29242","page","type-page","status-publish","hentry"],"yoast_head":"<!-- This site is optimized with the Yoast SEO plugin v27.1.1 - https:\/\/yoast.com\/product\/yoast-seo-wordpress\/ -->\n<title>SAP Ana Veri \u0130\u015f Ak\u0131\u015f Y\u00f6netimi - NeKuDos Teknoloji<\/title>\n<meta name=\"robots\" content=\"index, follow, max-snippet:-1, max-image-preview:large, max-video-preview:-1\" \/>\n<link rel=\"canonical\" href=\"https:\/\/nekudos.com\/en\/sap-ana-veri-is-akis-yonetimi\/\" \/>\n<meta property=\"og:locale\" content=\"en_US\" \/>\n<meta property=\"og:type\" content=\"article\" \/>\n<meta property=\"og:title\" content=\"SAP Ana Veri \u0130\u015f Ak\u0131\u015f Y\u00f6netimi - NeKuDos Teknoloji\" \/>\n<meta property=\"og:description\" content=\"NekuFlow SAP Masraf Yeri Ana Veri Y\u00f6netimi NekuFlow SAP Ana Veri Y\u00f6netimi, NekuFlow SAP Finansal Ana Veri Y\u00f6netimiDaha fazla NekuFlow SAP Kar Merkezi Ana Veri Y\u00f6netimi NekuFlow SAP Ana Veri Y\u00f6netimi, NekuFlow SAP Finansal Ana Veri Y\u00f6netimiDaha fazla NekuFlow SAP Duran Varl\u0131k Ana Veri Y\u00f6netimi NekuFlow SAP Ana Veri Y\u00f6netimi, NekuFlow SAP Finansal Ana Veri&hellip;\" \/>\n<meta property=\"og:url\" content=\"https:\/\/nekudos.com\/en\/sap-ana-veri-is-akis-yonetimi\/\" \/>\n<meta property=\"og:site_name\" content=\"NeKuDos Teknoloji\" \/>\n<meta property=\"article:modified_time\" content=\"2025-02-11T10:34:26+00:00\" \/>\n<meta name=\"twitter:card\" content=\"summary_large_image\" \/>\n<meta name=\"twitter:label1\" content=\"Est. reading time\" \/>\n\t<meta name=\"twitter:data1\" content=\"2 minutes\" \/>\n<script type=\"application\/ld+json\" class=\"yoast-schema-graph\">{\"@context\":\"https:\/\/schema.org\",\"@graph\":[{\"@type\":\"WebPage\",\"@id\":\"https:\/\/nekudos.com\/sap-ana-veri-is-akis-yonetimi\/\",\"url\":\"https:\/\/nekudos.com\/sap-ana-veri-is-akis-yonetimi\/\",\"name\":\"SAP Ana Veri \u0130\u015f Ak\u0131\u015f Y\u00f6netimi - NeKuDos Teknoloji\",\"isPartOf\":{\"@id\":\"https:\/\/nekudos.com\/#website\"},\"datePublished\":\"2025-02-11T10:30:41+00:00\",\"dateModified\":\"2025-02-11T10:34:26+00:00\",\"breadcrumb\":{\"@id\":\"https:\/\/nekudos.com\/sap-ana-veri-is-akis-yonetimi\/#breadcrumb\"},\"inLanguage\":\"en-US\",\"potentialAction\":[{\"@type\":\"ReadAction\",\"target\":[\"https:\/\/nekudos.com\/sap-ana-veri-is-akis-yonetimi\/\"]}]},{\"@type\":\"BreadcrumbList\",\"@id\":\"https:\/\/nekudos.com\/sap-ana-veri-is-akis-yonetimi\/#breadcrumb\",\"itemListElement\":[{\"@type\":\"ListItem\",\"position\":1,\"name\":\"Anasayfa\",\"item\":\"https:\/\/nekudos.com\/\"},{\"@type\":\"ListItem\",\"position\":2,\"name\":\"SAP Ana Veri \u0130\u015f Ak\u0131\u015f Y\u00f6netimi\"}]},{\"@type\":\"WebSite\",\"@id\":\"https:\/\/nekudos.com\/#website\",\"url\":\"https:\/\/nekudos.com\/\",\"name\":\"NeKuDos Teknoloji\",\"description\":\"\u0130\u015fletmenizi daha &quot;Ak\u0131ll\u0131&quot; yap\u0131n\",\"publisher\":{\"@id\":\"https:\/\/nekudos.com\/#organization\"},\"potentialAction\":[{\"@type\":\"SearchAction\",\"target\":{\"@type\":\"EntryPoint\",\"urlTemplate\":\"https:\/\/nekudos.com\/?s={search_term_string}\"},\"query-input\":{\"@type\":\"PropertyValueSpecification\",\"valueRequired\":true,\"valueName\":\"search_term_string\"}}],\"inLanguage\":\"en-US\"},{\"@type\":\"Organization\",\"@id\":\"https:\/\/nekudos.com\/#organization\",\"name\":\"NeKuDos Teknoloji\",\"url\":\"https:\/\/nekudos.com\/\",\"logo\":{\"@type\":\"ImageObject\",\"inLanguage\":\"en-US\",\"@id\":\"https:\/\/nekudos.com\/#\/schema\/logo\/image\/\",\"url\":\"https:\/\/nekudos.com\/wp-content\/uploads\/2025\/02\/nekudos-favicon-300x300-1.png\",\"contentUrl\":\"https:\/\/nekudos.com\/wp-content\/uploads\/2025\/02\/nekudos-favicon-300x300-1.png\",\"width\":310,\"height\":310,\"caption\":\"NeKuDos Teknoloji\"},\"image\":{\"@id\":\"https:\/\/nekudos.com\/#\/schema\/logo\/image\/\"}}]}<\/script>\n<!-- \/ Yoast SEO plugin. -->","yoast_head_json":{"title":"SAP Ana Veri \u0130\u015f Ak\u0131\u015f Y\u00f6netimi - NeKuDos Teknoloji","robots":{"index":"index","follow":"follow","max-snippet":"max-snippet:-1","max-image-preview":"max-image-preview:large","max-video-preview":"max-video-preview:-1"},"canonical":"https:\/\/nekudos.com\/en\/sap-ana-veri-is-akis-yonetimi\/","og_locale":"en_US","og_type":"article","og_title":"SAP Ana Veri \u0130\u015f Ak\u0131\u015f Y\u00f6netimi - NeKuDos Teknoloji","og_description":"NekuFlow SAP Masraf Yeri Ana Veri Y\u00f6netimi NekuFlow SAP Ana Veri Y\u00f6netimi, NekuFlow SAP Finansal Ana Veri Y\u00f6netimiDaha fazla NekuFlow SAP Kar Merkezi Ana Veri Y\u00f6netimi NekuFlow SAP Ana Veri Y\u00f6netimi, NekuFlow SAP Finansal Ana Veri Y\u00f6netimiDaha fazla NekuFlow SAP Duran Varl\u0131k Ana Veri Y\u00f6netimi NekuFlow SAP Ana Veri Y\u00f6netimi, NekuFlow SAP Finansal Ana Veri&hellip;","og_url":"https:\/\/nekudos.com\/en\/sap-ana-veri-is-akis-yonetimi\/","og_site_name":"NeKuDos Teknoloji","article_modified_time":"2025-02-11T10:34:26+00:00","twitter_card":"summary_large_image","twitter_misc":{"Est. reading time":"2 minutes"},"schema":{"@context":"https:\/\/schema.org","@graph":[{"@type":"WebPage","@id":"https:\/\/nekudos.com\/sap-ana-veri-is-akis-yonetimi\/","url":"https:\/\/nekudos.com\/sap-ana-veri-is-akis-yonetimi\/","name":"SAP Ana Veri \u0130\u015f Ak\u0131\u015f Y\u00f6netimi - NeKuDos Teknoloji","isPartOf":{"@id":"https:\/\/nekudos.com\/#website"},"datePublished":"2025-02-11T10:30:41+00:00","dateModified":"2025-02-11T10:34:26+00:00","breadcrumb":{"@id":"https:\/\/nekudos.com\/sap-ana-veri-is-akis-yonetimi\/#breadcrumb"},"inLanguage":"en-US","potentialAction":[{"@type":"ReadAction","target":["https:\/\/nekudos.com\/sap-ana-veri-is-akis-yonetimi\/"]}]},{"@type":"BreadcrumbList","@id":"https:\/\/nekudos.com\/sap-ana-veri-is-akis-yonetimi\/#breadcrumb","itemListElement":[{"@type":"ListItem","position":1,"name":"Anasayfa","item":"https:\/\/nekudos.com\/"},{"@type":"ListItem","position":2,"name":"SAP Ana Veri \u0130\u015f Ak\u0131\u015f Y\u00f6netimi"}]},{"@type":"WebSite","@id":"https:\/\/nekudos.com\/#website","url":"https:\/\/nekudos.com\/","name":"NeKuDos Teknoloji","description":"\u0130\u015fletmenizi daha &quot;Ak\u0131ll\u0131&quot; yap\u0131n","publisher":{"@id":"https:\/\/nekudos.com\/#organization"},"potentialAction":[{"@type":"SearchAction","target":{"@type":"EntryPoint","urlTemplate":"https:\/\/nekudos.com\/?s={search_term_string}"},"query-input":{"@type":"PropertyValueSpecification","valueRequired":true,"valueName":"search_term_string"}}],"inLanguage":"en-US"},{"@type":"Organization","@id":"https:\/\/nekudos.com\/#organization","name":"NeKuDos Teknoloji","url":"https:\/\/nekudos.com\/","logo":{"@type":"ImageObject","inLanguage":"en-US","@id":"https:\/\/nekudos.com\/#\/schema\/logo\/image\/","url":"https:\/\/nekudos.com\/wp-content\/uploads\/2025\/02\/nekudos-favicon-300x300-1.png","contentUrl":"https:\/\/nekudos.com\/wp-content\/uploads\/2025\/02\/nekudos-favicon-300x300-1.png","width":310,"height":310,"caption":"NeKuDos Teknoloji"},"image":{"@id":"https:\/\/nekudos.com\/#\/schema\/logo\/image\/"}}]}},"_links":{"self":[{"href":"https:\/\/nekudos.com\/en\/wp-json\/wp\/v2\/pages\/29242","targetHints":{"allow":["GET"]}}],"collection":[{"href":"https:\/\/nekudos.com\/en\/wp-json\/wp\/v2\/pages"}],"about":[{"href":"https:\/\/nekudos.com\/en\/wp-json\/wp\/v2\/types\/page"}],"author":[{"embeddable":true,"href":"https:\/\/nekudos.com\/en\/wp-json\/wp\/v2\/users\/1"}],"replies":[{"embeddable":true,"href":"https:\/\/nekudos.com\/en\/wp-json\/wp\/v2\/comments?post=29242"}],"version-history":[{"count":0,"href":"https:\/\/nekudos.com\/en\/wp-json\/wp\/v2\/pages\/29242\/revisions"}],"wp:attachment":[{"href":"https:\/\/nekudos.com\/en\/wp-json\/wp\/v2\/media?parent=29242"}],"curies":[{"name":"wp","href":"https:\/\/api.w.org\/{rel}","templated":true}]}}